{"id":45,"date":"2019-02-13T21:44:05","date_gmt":"2019-02-13T12:44:05","guid":{"rendered":"http:\/\/www.waioli-k.com\/wp\/?page_id=45"},"modified":"2023-02-07T13:49:13","modified_gmt":"2023-02-07T04:49:13","slug":"onigiri","status":"publish","type":"page","link":"https:\/\/www.waioli-k.com\/?page_id=45","title":{"rendered":"onigiri"},"content":{"rendered":"<div class=\"container\">\n<p class=\"mb-60 taC\">\u65e5\u672c\u4eba\u306e\u30bd\u30a6\u30eb\u30d5\u30fc\u30c9\u300c\u304a\u306b\u304e\u308a\u300d\u3002<br \/>\n         \u7c73\u96e2\u308c\u3068\u8a00\u308f\u308c\u3066\u3044\u308b\u4e2d\u3001<br class=\"sp-only\">\u65e5\u672c\u4e00\u7f8e\u5473\u3057\u3044\u7c73\u3069\u3053\u308d\u65b0\u6f5f\u3088\u308a\u3001<br \/>\n         \u304a\u306b\u304e\u308a\u306e\u30ef\u30fc\u30af\u30b7\u30e7\u30c3\u30d7\u3092\u304a\u5c4a\u3051\u3057\u307e\u3059\u3002<\/p>\n<div class=\"mb-40\"><img loading=\"lazy\" class=\"aligncenter size-large wp-image-254\" src=\"..\/wp\/wp-content\/uploads\/2023\/01\/onigiri@2x.jpg\" alt=\"\" width=\"600\" height=\"600\" \/><\/div>\n<h3>\u304a\u306b\u304e\u308a\u30ef\u30fc\u30af\u30b7\u30e7\u30c3\u30d7\u4e8b\u4f8b<\/h3>\n<div class=\"ul-wrap\">\n<ul>\n<li>\u304a\u7c73\u306e\u54c1\u7a2e\u98df\u3079\u6bd4\u3079<\/li>\n<li>\u4e16\u754c\u3067\u4e00\u3064\u3060\u3051\u306e\u30aa\u30ea\u30b8\u30ca\u30eb\u304a\u306b\u304e\u308a\u3092\u4f5c\u308d\u3046<\/li>\n<li>\u53d7\u9a13\u3084\u30b9\u30dd\u30fc\u30c4\u3092\u30b5\u30dd\u30fc\u30c8\u3059\u308b\u304a\u306b\u304e\u308a\u306e\u30b9\u30b9\u30e1<\/li>\n<li>\u98df\u80b2\u6d3b\u52d5<\/li>\n<\/ul><\/div>\n<p class=\"taC mb-20\">\u8a2a\u65e5\u5916\u56fd\u4eba\u5ba2\u306e\u7686\u3055\u3093\u3078\u306e<br class=\"sp-only\">\u300c\u304a\u306b\u304e\u308a\u30ef\u30fc\u30af\u30b7\u30e7\u30c3\u30d7\u300d\u3067\u306f<br \/>\n         \u65e5\u672c\u306e\u98df\u6587\u5316\u3068\u3057\u3066\u306e\u304a\u306b\u304e\u308a\u3082\u4f1d\u3048\u307e\u3059\u3002<\/p>\n<p class=\"taC mb-60\">\u4eba\u6570\u30fb\u30c6\u30fc\u30de\u306a\u3069\u30b3\u30fc\u30c7\u30a3\u30cd\u30fc\u30c8\u3044\u305f\u3057\u307e\u3059\u3002<br class=\"sp-only\">\u5b66\u6821\u30fb\u81ea\u6cbb\u4f53\u30fb\u56e3\u4f53\u306e\u7686\u69d8\u3082\u304a\u53d7\u3051\u3057\u3066\u3044\u307e\u3059\u3002<br class=\"sp-only\">\u3054\u76f8\u8ac7\u304f\u3060\u3055\u3044\u3002<\/p>\n<ul class=\"img_flex mb-100\">\n<li class=\"col-md-4\" style=\"list-style-type: none;\"><img loading=\"lazy\" class=\"alignnone size-full wp-image-161\" src=\"https:\/\/www.waioli-k.com\/wp\/wp-content\/uploads\/2019\/06\/ONIGIRI-18.jpg\" alt=\"\" width=\"600\" height=\"500\" \/><\/li>\n<li class=\"col-md-4\" style=\"list-style-type: none;\"><img loading=\"lazy\" class=\"alignnone size-full wp-image-161\" src=\"https:\/\/www.waioli-k.com\/wp\/wp-content\/uploads\/2019\/06\/ONIGIRI-19.jpg\" alt=\"\" width=\"600\" height=\"500\" \/><\/li>\n<li class=\"col-md-4\" style=\"list-style-type: none;\"><img loading=\"lazy\" class=\"alignnone size-full wp-image-161\" src=\"https:\/\/www.waioli-k.com\/wp\/wp-content\/uploads\/2019\/06\/ONIGIRI20.jpg\" alt=\"\" width=\"600\" height=\"500\" \/><\/li>\n<\/ul>\n<h3>\u767a\u520a\u30fb\u30d7\u30ed\u30c7\u30e5\u30fc\u30b9<\/h3>\n<p class=\"achieve-txt\"><span>\u30fb\u304a\u306b\u304e\u308a\u306e\u672c\u300c365\u65e5\u304a\u306b\u304e\u308a\u30ec\u30b7\u30d4\u300d<br class=\"sp-only\">\u767a\u520a<\/span><br \/>\n         \u82f1\u8a33\u7248\u300cONIGIRI\u300d\u3000\u30b0\u30eb\u30de\u30f3\u4e16\u754c\u6599\u7406\u672c\u5927\u8cde2020\u3000RICE\u90e8\u9580\u4e16\u754c\u4e00\u53d7\u8cde<\/p>\n<ul class=\"img_flex mb-40\">\n<li class=\"col-md-4\" style=\"list-style-type: none;\"><img loading=\"lazy\" class=\"alignnone size-full wp-image-161\" src=\"https:\/\/www.waioli-k.com\/wp\/wp-content\/uploads\/2019\/06\/ONIGIRI-1.jpg\" alt=\"\" width=\"600\" height=\"500\" \/><\/li>\n<li class=\"col-md-4\" style=\"list-style-type: none;\"><img loading=\"lazy\" class=\"alignnone size-full wp-image-161\" src=\"https:\/\/www.waioli-k.com\/wp\/wp-content\/uploads\/2019\/06\/ONIGIRI-2.jpg\" alt=\"\" width=\"600\" height=\"500\" \/><\/li>\n<\/ul>\n<p class=\"text-link mb-80 taC\"><a href=\"http:\/\/komachi-mag.com\/cooking\/3913\/\" target=\"_blank\" rel=\"noopener\">\u8a73\u3057\u304f\u306f\u3053\u3061\u3089<\/a><\/p>\n<ul class=\"mb-100 flexbox\">\n<li><a href=\"https:\/\/kitamae.shop\/komeshika_menu\/\" target=\"_blank\" rel=\"noopener\">\u304a\u3080\u3059\u3073\u30d6\u30e9\u30f3\u30c9\u300cKOMESHIKA\u300d<br class=\"sp-only\">\u30d7\u30ed\u30c7\u30e5\u30fc\u30b9<\/a><\/li>\n<li>\u30a2\u30eb\u30d3\u30ec\u30c3\u30af\u30b9\u65b0\u6f5f\u3000\u30a2\u30eb\u30d3\u7c73\u7206\u5f3e\u304a\u3080\u3059\u3073<\/li>\n<\/ul><\/div>\n<div class=\"coverage\">\n<div class=\"container\">\n<h3>\u51fa\u6f14\u30fb\u63b2\u8f09<\/h3>\n<p class=\"achieve-txt mb-60\"><span>\u30fb\u95a2\u897f\u30c6\u30ec\u30d3\u300c\u30b9\u30ed\u30fc\u3067\u30a4\u30fc\u30b8\u30fc\u306a<br class=\"sp-only\">\u30eb\u30fc\u30c6\u30a3\u30f3\u3067\u300d<\/span><br \/>\n         2023\u5e741\u670816\u65e5 \u751f\u653e\u9001\u3000<br class=\"sp-only\">\u300c\u65b0\u6f5f\u30b0\u30eb\u30e1\u7279\u96c6\u300d\u5c02\u9580\u5bb6\u3068\u3057\u3066\u51fa\u6f14<\/p>\n<p class=\"achieve-txt mb-60\"><span>\u30fb\u6bce\u65e5\u65b0\u805e<\/span><br \/>\n         2023\u5e741\u670816\u65e5 \u63b2\u8f09\u3000<br class=\"sp-only\">\u300c\u304a\u306b\u304e\u308a\u306b\u3064\u3044\u3066\u300d<\/p>\n<p class=\"achieve-txt mb-60\"><span>\u30fbBSN\u300c\u6c34\u66dc\u898b\u30ca\u30a4\u30c8\u300d<\/span><br \/>\n         2022\u5e7410\u670819\u65e5 \u653e\u9001\u3000<br class=\"sp-only\">\u300c\u4eba\u751f\u30a4\u30c1\u3007\u3007\u30b0\u30eb\u30e1\u300d\u3000<br class=\"sp-only\">\u304a\u306b\u304e\u308a\u300c\u307c\u3093\u3054\u300d\u3055\u3093\u30ed\u30b1<\/p>\n<p class=\"achieve-txt\"><span>\u30fbEAT UNIVERSITY\uff08WEB MAGAZINE)<\/span><br \/>\n         \u300c365\u7a2e\u985e\u306e\u304a\u306b\u304e\u308a\u3067\u3001\u7c73\u98df\u6587\u5316\u3092\u4f1d\u3048\u305f\u3044vol1.\u4f50\u85e4\u667a\u9999\u5b50 \u98df\u306e\u504f\u611b\u7814\u7a76\u8005\u8f9e\u5178\u300d<\/p>\n<p>         <a class=\"mb-60 bnr-eat\" href=\"https:\/\/eat-university.com\/magazine\/article_2054\/\" target=\"_blank\" rel=\"noopener\"><img loading=\"lazy\" src=\"..\/wp\/wp-content\/themes\/kale\/images\/service-bnr01.jpg\" alt=\"EAT UNIVERSITY\" width=\"225\" height=\"120\" \/><\/a><\/p>\n<p class=\"achieve-txt mb-60\"><span>\u30fbNHK\u300c\u30ed\u30b3\u3060\u3051\u304c\u77e5\u3063\u3066\u3044\u308b\u300d<\/span><br \/>\n         2021\u5e749\u670829\u65e5 \u653e\u9001\u3000<br class=\"sp-only\">\u300c\u65b0\u6f5f\u304a\u306b\u304e\u308a\u3000\u4f50\u85e4\u667a\u9999\u5b50\u300d<\/p>\n<p class=\"achieve-txt\"><span>\u30fbTBS\u30e9\u30b8\u30aa\u300c\u30a2\u30b7\u30bf\u30ce\u30ab\u30ec\u30c3\u30b8\u300d<\/span><br \/>\n         2021\u5e749\u670821\u65e5\u3000<br class=\"sp-only\">\u300c\u9032\u5316\u3059\u308b\u304a\u306b\u304e\u308a\u306e\u4e16\u754c\u300d<\/p>\n<p><a class=\"bnr-ashita\" href=\"https:\/\/www.youtube.com\/watch?v=Vi40rE4ATkA\" target=\"_blank\" rel=\"noopener\"><img loading=\"lazy\" src=\"..\/wp\/wp-content\/themes\/kale\/images\/service-bnr02.jpg\" alt=\"\u30a2\u30b7\u30bf\u30ce\u30ab\u30ec\u30c3\u30b8\" width=\"600\" height=\"323\" \/><\/a><\/p>\n<\/p><\/div>\n<p class=\"bottom_txt\">\u96d1\u8a8c\u3001\u30a4\u30d9\u30f3\u30c8\u3001\u30d7\u30ed\u30b8\u30a7\u30af\u30c8\u306a\u3069\u306e<br class=\"sp-only\">\u30aa\u30ea\u30b8\u30ca\u30eb\u304a\u306b\u304e\u308a\u958b\u767a\u3084\u76e3\u4fee<br \/>\n        \u300c\u7c73\u300d\u3084\u300c\u304a\u306b\u304e\u308a\u300d\u306b\u95a2\u3059\u308b\u53d6\u6750\u3001<br class=\"sp-only\">\u30b3\u30e1\u30f3\u30c8\u306a\u3069\u304a\u554f\u3044\u5408\u308f\u305b\u306f<a href=\"?page_id=43\">\u3053\u3061\u3089<\/a>\u3002<\/p>\n<\/p><\/div>\n<div class=\"container\">\n<h2 class=\"style-border\">Past \u201cOnigiri Workshop\u201d<\/h2>\n<p class=\"taC mb-40\">\u904e\u53bb\u306e\u300c\u304a\u306b\u304e\u308a\u30ef\u30fc\u30af\u30b7\u30e7\u30c3\u30d7\u300d\u306e\u69d8\u5b50<\/p>\n<h3 class=\"fs-20\">\u30aa\u30fc\u30b9\u30c8\u30e9\u30ea\u30a2\u30fb\u5728\u30e1\u30eb\u30dc\u30eb\u30f3<br class=\"sp-only\">\u65e5\u672c\u56fd\u7dcf\u9818\u4e8b\u9928\uff082018\u5e743\u6708\uff09<\/h3>\n<ul class=\"img_flex\">\n<li class=\"col-md-4\" style=\"list-style-type: none;\"><img loading=\"lazy\" class=\"alignnone size-full wp-image-161\" src=\"https:\/\/www.waioli-k.com\/wp\/wp-content\/uploads\/2019\/06\/ONIGIRI-3.jpg\" alt=\"\" width=\"600\" height=\"500\" \/><\/li>\n<li class=\"col-md-4\" style=\"list-style-type: none;\"><img loading=\"lazy\" class=\"alignnone size-full wp-image-161\" src=\"https:\/\/www.waioli-k.com\/wp\/wp-content\/uploads\/2019\/06\/ONIGIRI-4.jpg\" alt=\"\" width=\"600\" height=\"500\" \/><\/li>\n<li class=\"col-md-4\" style=\"list-style-type: none;\"><img loading=\"lazy\" class=\"alignnone size-full wp-image-161\" src=\"https:\/\/www.waioli-k.com\/wp\/wp-content\/uploads\/2019\/06\/ONIGIRI-5.jpg\" alt=\"\" width=\"600\" height=\"500\" \/><\/li>\n<\/ul>\n<ul class=\"img_flex mb-20\">\n<li class=\"col-md-4\" style=\"list-style-type: none;\"><img loading=\"lazy\" class=\"alignnone size-full wp-image-161\" src=\"https:\/\/www.waioli-k.com\/wp\/wp-content\/uploads\/2019\/06\/ONIGIRI-6.jpg\" alt=\"\" width=\"600\" height=\"500\" \/><\/li>\n<li class=\"col-md-4\" style=\"list-style-type: none;\"><img loading=\"lazy\" class=\"alignnone size-full wp-image-161\" src=\"https:\/\/www.waioli-k.com\/wp\/wp-content\/uploads\/2019\/06\/ONIGIRI-7.jpg\" alt=\"\" width=\"600\" height=\"500\" \/><\/li>\n<li class=\"col-md-4\" style=\"list-style-type: none;\"><img loading=\"lazy\" class=\"alignnone size-full wp-image-161\" src=\"https:\/\/www.waioli-k.com\/wp\/wp-content\/uploads\/2019\/06\/ONIGIRI-8.jpg\" alt=\"\" width=\"600\" height=\"500\" \/><\/li>\n<\/ul>\n<p class=\"mb-120 en-txt\">Onigiri are a great source of energy. They are indispensable to Japanese cooks of all ages because they are easy to eat &#8211; even with one hand. From kids on school trips, to hardworking dads, busy womed and grandparents, onigiri and their various fillings are loved by everyone.<br \/>\n         Rice is a staple food for Japanese people &#8211; not only for its excellent nutritional value, but also because it goes well with so many other ingredients. For example, soy. Anybody who has enjoyed a Japanese meal must know that miso soup, which is made from soy, always comes with rice. Miso is a fermented food, and very healthy. Onigiri are simple &#8211; but somehow, they are right for almost any ingredient. Feel free to make onigiri with any filling. For example, beef steak, fried and grilled fish, or even something from your own country&#8217;s culinary culture.<br \/>\n         Both children and adults can make onigiri. It may be a little tricky at first, but you&#8217;ll soon get the knack with practice. Making onigiri can be satisfying &#8211; especially when a loved one enjoys what you&#8217;ve created. That person would surely be smiling.<br \/>\n         Finally, I&#8217;m going to let you in on a little secret for making delicious onigiri. That is, to make the triangular or round shape with gentle pressure and love. One single onigiri, and the care that goes into it, is a reflection of the Japanese mindset. A life filled with onigiri is certainly better than one without.<\/p>\n<h3 class=\"fs-10\">\u30d5\u30e9\u30f3\u30b9\u30fb\u65e5\u4ecf\u53cb\u597d160\u5468\u5e74\u4e8b\u696d<span class=\"pc-inline\">\u3000<\/span><br class=\"sp-inline\">\u300c\u30b8\u30e3\u30dd\u30cb\u30b9\u30e02018\u300d<\/h3>\n<p class=\"taC\">\u30d1\u30ea\u30fb\u65e5\u4ecf\u4f1a\u9928\u3000\uff082\u670815\u30fb16\u65e5\uff09<br \/>\n         \u30ca\u30f3\u30c8\u5e02\u30fb\u30b3\u30b9\u30e2\u30dd\u30ea\u30b9\u3000\uff082\u67082\u65e5\u301c24\u65e5\uff09<\/p>\n<ul class=\"img_flex\">\n<li class=\"col-md-4\" style=\"list-style-type: none;\"><img loading=\"lazy\" class=\"alignnone size-full wp-image-161\" src=\"https:\/\/www.waioli-k.com\/wp\/wp-content\/uploads\/2019\/06\/ONIGIRI-9.jpg\" alt=\"\" width=\"600\" height=\"500\" \/><\/li>\n<li class=\"col-md-4\" style=\"list-style-type: none;\"><img loading=\"lazy\" class=\"alignnone size-full wp-image-161\" src=\"https:\/\/www.waioli-k.com\/wp\/wp-content\/uploads\/2019\/06\/ONIGIRI-10.jpg\" alt=\"\" width=\"600\" height=\"500\" \/><\/li>\n<li class=\"col-md-4\" style=\"list-style-type: none;\"><img loading=\"lazy\" class=\"alignnone size-full wp-image-161\" src=\"https:\/\/www.waioli-k.com\/wp\/wp-content\/uploads\/2019\/06\/ONIGIRI-11.jpg\" alt=\"\" width=\"600\" height=\"500\" \/><\/li>\n<\/ul>\n<ul class=\"img_flex mb-20\">\n<li class=\"col-md-4\" style=\"list-style-type: none;\"><img loading=\"lazy\" class=\"alignnone size-full wp-image-161\" src=\"https:\/\/www.waioli-k.com\/wp\/wp-content\/uploads\/2019\/06\/ONIGIRI-12.jpg\" alt=\"\" width=\"600\" height=\"500\" \/><\/li>\n<li class=\"col-md-4\" style=\"list-style-type: none;\"><img loading=\"lazy\" class=\"alignnone size-full wp-image-161\" src=\"https:\/\/www.waioli-k.com\/wp\/wp-content\/uploads\/2019\/06\/ONIGIRI-13.jpg\" alt=\"\" width=\"600\" height=\"500\" \/><\/li>\n<li class=\"col-md-4\" style=\"list-style-type: none;\"><img loading=\"lazy\" class=\"alignnone size-full wp-image-161\" src=\"https:\/\/www.waioli-k.com\/wp\/wp-content\/uploads\/2019\/06\/ONIGIRI-14.jpg\" alt=\"\" width=\"600\" height=\"500\" \/><\/li>\n<\/ul>\n<p class=\"mb-120 en-txt\"> Les onigiri constituent une grande source d&#8217;\u00e9nergie. Ils sont indis pensables \u00e0 la cuisine japonaise de chaque g\u00e9n\u00e9ration car ils sont faciles \u00e0 manger, m\u00eame avec une seule main. Des enfants en voyage scolaire aux p\u00e8res travailleurs, femmes actives et grandsparents, les diff\u00e9rentes vari\u00e9t\u00e9s d&#8217;onigiri sont appr\u00e9ci\u00e9es de tous.<br \/>\n         Le riz est l&#8217;aliment de base des japonais, pas seulement pour ses qualit\u00e9s nutritives mais aussi parce qu&#8217;il se marie ais\u00e9ment avec de nombreux ingr\u00e9dients. A titre d&#8217;exemple, le soja. Les personnes ayant d\u00e9j\u00e0 pris un repas au Japon savent que la soupe miso, faite \u00e0 base de soja, est toujours servie accompagn\u00e9e de riz.<br \/>\n         Le miso est un aliment ferment\u00e9 et tr\u00e8s bon pour la sant\u00e9. Les onigiri sont simples mais peuvent d&#8217;une certaine fa\u00e7on s&#8217;adapter \u00e0 n&#8217;importe quel ingr\u00e9dient. N&#8217;h\u00e9sitez pas \u00e0 essayer plusieurs garnitures. Par exemple, un steak de boeuf, du poisson grill\u00e9 ou frit ou bien quelque chose issu de la culture culinaire de votre propre pays.<br \/>\n         Les enfants comme les adultes peuvent confectionner des onigiri. Cela peut sembler compliqu\u00e9 au d\u00e9but mais vous allez vite prendre la main avec de l&#8217;entra\u00eenement. Faire des onigiri peut aussi procurer un sentiment de satisfaction, particuli\u00e8rement lorsqu&#8217;un \u00eatre cher appr\u00e9cie ce que vous avez cr\u00e9\u00e9. Cette personne aura tr\u00e8s certainement le sourire.<br \/>\n         \u3000Pour conclure, je vais vous donner une petite astuce pour faire de d\u00e9licieux onigiri. II faut pour cela modeler les formes triangulaires ou rondes avec d\u00e9licatesse et amour. Un seul onigiri et l&#8217;attention qui lui a \u00e9t\u00e9 port\u00e9e lors de sa confection refl\u00e8te en effet l&#8217;\u00e9tat d&#8217;esprit japonais. Une vie remplie d&#8217;onigiri est certainement meilleure qu&#8217;une vie sans.<\/p>\n<h3 class=\"taC\">\u30ef\u30fc\u30af\u30b7\u30e7\u30c3\u30d7<\/h3>\n<ul class=\"img_flex mb-140\">\n<li class=\"col-md-4\" style=\"list-style-type: none;\"><img loading=\"lazy\" class=\"alignnone size-full wp-image-161\" src=\"https:\/\/www.waioli-k.com\/wp\/wp-content\/uploads\/2019\/06\/ONIGIRI-15.jpg\" alt=\"\" width=\"600\" height=\"500\" \/><\/li>\n<li class=\"col-md-4\" style=\"list-style-type: none;\"><img loading=\"lazy\" class=\"alignnone size-full wp-image-161\" src=\"https:\/\/www.waioli-k.com\/wp\/wp-content\/uploads\/2019\/06\/IMG_6180.jpg\" alt=\"\" width=\"600\" height=\"500\" \/><\/li>\n<li class=\"col-md-4\" style=\"list-style-type: none;\"><img loading=\"lazy\" class=\"alignnone size-full wp-image-161\" src=\"https:\/\/www.waioli-k.com\/wp\/wp-content\/uploads\/2019\/06\/ONIGIRI-17.jpg\" alt=\"\" width=\"600\" height=\"500\" \/><\/li>\n<\/ul><\/div>\n","protected":false},"excerpt":{"rendered":"<p>\u65e5\u672c\u4eba\u306e\u30bd\u30a6\u30eb\u30d5\u30fc\u30c9\u300c\u304a\u306b\u304e\u308a\u300d\u3002 \u7c73\u96e2\u308c\u3068\u8a00\u308f\u308c\u3066\u3044\u308b\u4e2d\u3001\u65e5\u672c\u4e00\u7f8e\u5473\u3057\u3044\u7c73\u3069\u3053\u308d\u65b0\u6f5f\u3088\u308a&nbsp;<\/p>\n","protected":false},"author":1,"featured_media":0,"parent":0,"menu_order":0,"comment_status":"closed","ping_status":"closed","template":"template-full.php","meta":[],"_links":{"self":[{"href":"https:\/\/www.waioli-k.com\/index.php?rest_route=\/wp\/v2\/pages\/45"}],"collection":[{"href":"https:\/\/www.waioli-k.com\/index.php?rest_route=\/wp\/v2\/pages"}],"about":[{"href":"https:\/\/www.waioli-k.com\/index.php?rest_route=\/wp\/v2\/types\/page"}],"author":[{"embeddable":true,"href":"https:\/\/www.waioli-k.com\/index.php?rest_route=\/wp\/v2\/users\/1"}],"replies":[{"embeddable":true,"href":"https:\/\/www.waioli-k.com\/index.php?rest_route=%2Fwp%2Fv2%2Fcomments&post=45"}],"version-history":[{"count":40,"href":"https:\/\/www.waioli-k.com\/index.php?rest_route=\/wp\/v2\/pages\/45\/revisions"}],"predecessor-version":[{"id":1062,"href":"https:\/\/www.waioli-k.com\/index.php?rest_route=\/wp\/v2\/pages\/45\/revisions\/1062"}],"wp:attachment":[{"href":"https:\/\/www.waioli-k.com\/index.php?rest_route=%2Fwp%2Fv2%2Fmedia&parent=45"}],"curies":[{"name":"wp","href":"https:\/\/api.w.org\/{rel}","templated":true}]}}