{"id":1032,"date":"2023-01-06T13:34:53","date_gmt":"2023-01-06T04:34:53","guid":{"rendered":"https:\/\/www.waioli-k.com\/?page_id=1032"},"modified":"2023-01-06T14:17:31","modified_gmt":"2023-01-06T05:17:31","slug":"company","status":"publish","type":"page","link":"https:\/\/www.waioli-k.com\/?page_id=1032","title":{"rendered":"company"},"content":{"rendered":"<div id=\"company\">\n<div class=\"sec01\">\n<div class=\"img\"><img class=\"alignnone wp-image-30\" src=\"\/wp\/wp-content\/themes\/kale\/images\/company\/sec01-img01.jpg\" alt=\"\" width=\"1200\" \/><\/div>\n<p>waioli\uff08\u30ef\u30a4\u30aa\u30ea\uff09\uff1d\u559c\u3073\u306e\u6e90<br \/>\n\u7f8e\u5473\u3057\u3044\u3082\u306e\u3092\u751f\u307f\u51fa\u3059\u30ad\u30c3\u30c1\u30f3\u306f\u3001\u559c\u3073\u306e\u6e90\u3002<br \/>\n\u30ad\u30c3\u30c1\u30f3\u304b\u3089\u98df\u306e\u697d\u3057\u307f\u304c\u5e83\u304c\u308b\u3001\u305d\u3093\u306a\u60f3\u3044\u304b\u3089\u751f\u307e\u308c\u307e\u3057\u305f\u3002<\/p>\n<p>\u300c\u30ef\u30a4\u30aa\u30ea\u30ad\u30c3\u30c1\u30f3\u300d\u3067\u306f\u3001\u30c6\u30ec\u30d3\u3001\u30e9\u30b8\u30aa\u3001CM\u3001WEB\u306a\u3069\u3067\u306e\u30ec\u30b7\u30d4\u958b\u767a\u306e\u307b\u304b\u3001<br \/>\n\u5546\u54c1\u958b\u767a\u3001\u30d7\u30ed\u30c7\u30e5\u30fc\u30b9\u3001\u30b3\u30f3\u30b5\u30eb\u30c6\u30a3\u30f3\u30b0\u3001\u30d5\u30fc\u30c9\u30b9\u30bf\u30a4\u30ea\u30f3\u30b0\u306a\u3069\u3092\u624b\u304c\u3051\u3066\u3044\u307e\u3059\u3002<br \/>\n2000\u5e74\u3001\u6599\u7406\u5bb6\u30fb\u4f50\u85e4\u667a\u9999\u5b50\u306b\u3088\u308a\u8a2d\u7acb\u3002<br \/>\u6599\u7406\u7814\u7a76\u5bb6\u3001\u30d5\u30fc\u30c9\u30b9\u30bf\u30a4\u30ea\u30b9\u30c8\u3001\u30c6\u30fc\u30d6\u30eb\u30b3\u30fc\u30c7\u30a3\u30cd\u30fc\u30bf\u30fc\u306a\u3069\u5728\u7c4d\u3057<br \/>\u98df\u306b\u307e\u3064\u308f\u308b\u3042\u3089\u3086\u308b\u30b7\u30fc\u30f3\u3092\u304a\u624b\u4f1d\u3044\u3044\u305f\u3057\u307e\u3059\u3002<\/p>\n<\/div>\n<div class=\"sec02\">\n<h2>\u4f1a\u793e\u6982\u8981<\/h2>\n<div class=\"flexbox\">\n<div class=\"img\"><img class=\"alignnone wp-image-30\" src=\"\/wp\/wp-content\/themes\/kale\/images\/logo.png\" alt=\"waioli kitchen\" width=\"400\" \/><\/div>\n<table>\n<tbody>\n<tr>\n<th>\u4f1a\u793e\u540d<\/th>\n<td>\u682a\u5f0f\u4f1a\u793e\u30ef\u30a4\u30aa\u30ea\u30ad\u30c3\u30c1\u30f3<\/td>\n<\/tr>\n<tr>\n<th>\u6240\u5728\u5730<\/th>\n<td>\u3012950-0075 \u65b0\u6f5f\u770c\u65b0\u6f5f\u5e02\u4e2d\u592e\u533a\u6cbc\u5782\u67711-8-22<\/td>\n<\/tr>\n<tr>\n<th>\u4ee3\u8868\u8005<\/th>\n<td>\u4ee3\u8868\u53d6\u7de0\u5f79\u3000\u4f50\u85e4 \u667a\u9999\u5b50<\/td>\n<\/tr>\n<tr>\n<th>\u4e8b\u696d\u5185\u5bb9<\/th>\n<td>\u30ec\u30b7\u30d4\u958b\u767a\u30fb\u6599\u7406\u5236\u4f5c\u30fbCM\u30fb\u52d5\u753b\u30fb\u5e83\u544a\u30fb\u30d6\u30e9\u30f3\u30c7\u30a3\u30f3\u30b0\u30fb\u30b3\u30f3\u30b5\u30eb\u30c6\u30a3\u30f3\u30b0\u30fb\u5e97\u8217\u30d7\u30ed\u30c7\u30e5\u30fc\u30b9\u30fb\u30e1\u30cb\u30e5\u30fc\u76e3\u4fee\u30fb\u30d5\u30fc\u30c9\u30b3\u30fc\u30c7\u30a3\u30cd\u30fc\u30c8\u30fb\u98df\u7a7a\u9593\u30b9\u30bf\u30a4\u30ea\u30f3\u30b0\u30fb\u8b1b\u6f14\u307b\u304b\u95a2\u9023\u696d\u52d9<\/td>\n<\/tr>\n<\/tbody>\n<\/table>\n<\/div>\n<\/div>\n<div class=\"sec03\">\n<h2>\u30d5\u30fc\u30c9\u30d7\u30ed\u30c7\u30e5\u30fc\u30b5\u30fc\u30fb\u6599\u7406\u5bb6\u3000<br class=\"sp-only\" \/>\u4f50\u85e4\u667a\u9999\u5b50\uff08\u3055\u3068\u3046\u3061\u304b\u3053\uff09<\/h2>\n<p><img loading=\"lazy\" class=\"aligncenter wp-image-35 size-full\" src=\"\/wp\/wp-content\/uploads\/2019\/02\/profile3.jpg\" alt=\"\" width=\"600\" height=\"398\" \/><\/p>\n<h3>\u7565\u6b74<\/h3>\n<div class=\"flexbox\">\n<div class=\"txt\">\n<p>\uff08\u682a\uff09\u30ef\u30a4\u30aa\u30ea\u30ad\u30c3\u30c1\u30f3\u3000\u4ee3\u8868\u3002<br \/>\n  \u30a2\u30ca\u30a6\u30f3\u30b5\u30fc\u6642\u4ee3\u3001\u751f\u7523\u73fe\u5834\u3092\u5de1\u308b\u53d6\u6750\u306b\u9b45\u305b\u3089\u308c\u3066\u98df\u306e\u4e16\u754c\u3078\u3002<br \/>\n  \u4ecf\u6599\u7406\u5b66\u6821\u300c\u30eb\u30fb\u30b3\u30eb\u30c9\u30f3\u30fb\u30d6\u30eb\u30fc\u300d\u3067\u30d5\u30ec\u30f3\u30c1\u306e\u57fa\u790e\u3092\u5b66\u3073\u3001<br class=\"pc-only\" \/>\u65e5\u672c\u6599\u7406\u30fb\u4e2d\u56fd\u6599\u7406\u30fb\u61d0\u77f3\u6599\u7406\u3068\u5e45\u5e83\u304f\u7fd2\u5f97\u3002<\/p>\n<p>2000\u5e74\u9803\u3088\u308a\u3001\u96d1\u8a8c\u306e\u30ec\u30b7\u30d4\u30da\u30fc\u30b8\u306e\u9023\u8f09\u3092\u76ae\u5207\u308a\u306b\u3001\u6599\u7406\u5bb6\u3068\u3057\u3066\u6b69\u307f\u59cb\u3081\u308b\u3002<br \/>\n  \u8457\u66f8\u3000\u300c365\u65e5\u304a\u306b\u304e\u308a\u30ec\u30b7\u30d4\u300d\uff08\u30cb\u30e5\u30fc\u30ba\u30e9\u30a4\u30f3\u520a\uff09\u304c\u7ffb\u8a33\u3055\u308c\u3001<br class=\"pc-only\" \/>\u82f1\u8a33\u7248\u300cONIGIRI\u300d\u304c\u3001\u4e16\u754c\u6599\u7406\u672c\u5927\u8cde2020 \u30e9\u30a4\u30b9\u90e8\u9580\u3067\u4e16\u754c\u4e00\u3092\u53d7\u8cde\u3002<br \/>\n\u8fd1\u5e74\u3067\u306f\u3001\u300c\u304a\u306b\u304e\u308a\u6599\u7406\u7814\u7a76\u5bb6\u300d\u3068\u3057\u3066\u3001<br class=\"pc-only\" \/>\u304a\u306b\u304e\u308a\u306e\u53d6\u6750\u3084\u5546\u54c1\u958b\u767a\u3001\u56fd\u5185\u5916\u3067\u306e\u304a\u306b\u304e\u308a\u30ef\u30fc\u30af\u30b7\u30e7\u30c3\u30d7\u306a\u3069\u3092\u52d9\u3081\u308b\u3002<br \/>\n\u65e5\u672c\u306e\u7c73\u306e\u98df\u6587\u5316\u3092\u4f1d\u3048\u308b\u3079\u304f\u3001<br class=\"pc-only\" \/>\u30aa\u30fc\u30b9\u30c8\u30e9\u30ea\u30a2\u3001\u30d5\u30e9\u30f3\u30b9\u3067\u300c\u304a\u306b\u304e\u308a\u30ef\u30fc\u30af\u30b7\u30e7\u30c3\u30d7\u300d\u300c\u30a2\u30c8\u30ea\u30a8\u300d\u3092\u958b\u50ac\u3002<\/p>\n<p>\u307e\u305f\u91ce\u83dc\u30bd\u30e0\u30ea\u30a8\u30d7\u30ed\u3068\u3057\u3066\u3001<br class=\"pc-only\" \/>\u5730\u57df\u306e\u98df\u306b\u3064\u3044\u3066\u6570\u591a\u304f\u306e\u8b1b\u6f14\u30fb\u30b7\u30f3\u30dd\u30b8\u30a6\u30e0\u3092\u884c\u3046\u3002<br \/>\n\u65ec\u306e\u98df\u6750\u3001\u767a\u9175\u98df\u54c1\u3092\u4f7f\u3063\u305f\u30ec\u30b7\u30d4\u306f\u4f5c\u308a\u3084\u3059\u3044\u3068\u5b9a\u8a55\u3042\u308a\u3002<\/p>\n<p>2012\u301c2020\u5e74\u3001\u5e73\u65e5\u5348\u5f8c\u306e\u30ef\u30a4\u30c9\u756a\u7d44\u300cfour seasons\u300d\uff08FMPORT\uff09\u306e<br class=\"pc-only\" \/>\u30ca\u30d3\u30b2\u30fc\u30bf\u30fc\u3092\u52d9\u3081\u3001\u756a\u7d44\u5185\u30b3\u30fc\u30ca\u30fc\u300c\u3064\u3076\u3084\u304d\u30ec\u30b7\u30d4\u300d\u3067\u306f<br class=\"pc-only\" \/>\u6bce\u65e5140\u6587\u5b57\u4ee5\u5185\u306e\u30ec\u30b7\u30d4\u3092\u8003\u6848\u3059\u308b\u306a\u3069\u3001<br class=\"pc-only\" \/>\u5e74\u9593300\u500b\u8fd1\u304f\u306e\u30ec\u30b7\u30d4\u958b\u767a\u3092\u7d9a\u3051\u308b\u3002<\/p>\n<p>&nbsp;<\/p>\n<p><strong>\u8b1b\u6f14\u30fb\u30d1\u30cd\u30ea\u30b9\u30c8<\/strong><br \/>\n  \u2022 APEC\u98df\u6599\u5b89\u5168\u4fdd\u969c\u4f1a\u8b70\u62c5\u5f53\u5927\u81e3\u4f1a\u5408\u3000\u30c8\u30fc\u30af\u30a4\u30d9\u30f3\u30c8\u51fa\u6f14\uff082010\u5e7410\u6708\uff09<br \/>\n  \u2022 G20\u8fb2\u696d\u5927\u81e3\u4f1a\u5408\u300c\u6b53\u8fce\u300d\u884c\u52d5\u3000\u98df\u6599\u30fb\u8fb2\u696d\u30b7\u30f3\u30dd\u30b8\u30a6\u30e0\uff082019\u5e745\u6708\uff09<br \/>\n  \u2022 \u5185\u95a3\u5e9c\u30af\u30fc\u30eb\u30b8\u30e3\u30d1\u30f3\u63a8\u9032\u4f1a\u8b70 \u30d1\u30cd\u30ea\u30b9\u30c8\uff082019\u5e746\u6708\uff09\u3000\u4ed6<\/p>\n<p>&nbsp;<\/p>\n<p><strong>\u30ec\u30ae\u30e5\u30e9\u30fc<\/strong><br \/>\n  \u30c6\u30ec\u30d3\uff1aTeNY \u5915\u65b9\u30ef\u30a4\u30c9\u65b0\u6f5f\u4e00\u756a\u300c\u5915\u65b9\u30ec\u30b7\u30d4\u300d\u6c34\u66dc\u65e5<br \/>\n  \u30e9\u30b8\u30aa\uff1aBSN\u30e9\u30b8\u30aa\u6708\u301c\u6728\u300017:50\u301c\u300c\u4f50\u85e4\u667a\u9999\u5b5010\u5206\u9593\u306e\u30a2\u30eb\u30c7\u30f3\u30c6\u300d<br \/>\n  \u96d1\u3000\u8a8c\uff1a\u65b0\u6f5fKomachi \u300c\u5984\u60f3\u30b9\u30bf\u30f3\u30c9\u304a\u304b\u308f\u308a\u300d\u9023\u8f09\u4e2d<\/p>\n<\/div>\n<p><img class=\"size-full wp-image-280\" src=\"\/wp\/wp-content\/uploads\/2019\/06\/WAIOLIK-KITCHEN-3_1-e1560770891325.jpg\" alt=\"\" width=\"400\" \/><\/p>\n<\/div>\n<p class=\"en\">Sato runs Waioli Kitchen, a cooking school in Nigata City. She has studied the foundations of French cuisine at Le Cordon Bleu, and an array of other cuisines including Chinese and Japanese kaiseki. Her activities extend across various fields, including lectures, recipe proposals for magazines, advertisements, and food styling for TV commercials. In 2018, Sato held an onigiri workshop at the Consulate-General of Japan in Melbourne. www.waioli-k.com<\/p>\n<p class=\"en\">Mme Sato dirige Waioli Kitchen, une \u00e9cole de cuisine \u00e0 Niigata. Elle a effectu\u00e9 son apprentissage de la cuisine Fran\u00e7aise au Cordon Bleu et ma\u00eetrise aussi l&#8217;art d&#8217;au- tres cuisines comme la cuisine chinoise ou la cuisine traditionnelle japonaise kaiseki. Ses activit\u00e9s sont di- verses et vari\u00e9es et vont de conf\u00e9rences \u00e0 des propositions de recettes pour les magazines, de la publicit\u00e9 ainsi que du stylisme alimentaire pour la t\u00e9l\u00e9vision. En 2018, Mme Sato a anim\u00e9 un atelier de confection d&#8217;onigiri au Consulat G\u00e9n\u00e9ral du Japon \u00e0 Melbourne.<\/p>\n<\/div>\n<\/div>\n","protected":false},"excerpt":{"rendered":"<p>waioli\uff08\u30ef\u30a4\u30aa\u30ea\uff09\uff1d\u559c\u3073\u306e\u6e90 \u7f8e\u5473\u3057\u3044\u3082\u306e\u3092\u751f\u307f\u51fa\u3059\u30ad\u30c3\u30c1\u30f3\u306f\u3001\u559c\u3073\u306e\u6e90\u3002 \u30ad\u30c3\u30c1\u30f3&nbsp;<\/p>\n","protected":false},"author":1,"featured_media":0,"parent":0,"menu_order":0,"comment_status":"closed","ping_status":"closed","template":"","meta":[],"_links":{"self":[{"href":"https:\/\/www.waioli-k.com\/index.php?rest_route=\/wp\/v2\/pages\/1032"}],"collection":[{"href":"https:\/\/www.waioli-k.com\/index.php?rest_route=\/wp\/v2\/pages"}],"about":[{"href":"https:\/\/www.waioli-k.com\/index.php?rest_route=\/wp\/v2\/types\/page"}],"author":[{"embeddable":true,"href":"https:\/\/www.waioli-k.com\/index.php?rest_route=\/wp\/v2\/users\/1"}],"replies":[{"embeddable":true,"href":"https:\/\/www.waioli-k.com\/index.php?rest_route=%2Fwp%2Fv2%2Fcomments&post=1032"}],"version-history":[{"count":2,"href":"https:\/\/www.waioli-k.com\/index.php?rest_route=\/wp\/v2\/pages\/1032\/revisions"}],"predecessor-version":[{"id":1044,"href":"https:\/\/www.waioli-k.com\/index.php?rest_route=\/wp\/v2\/pages\/1032\/revisions\/1044"}],"wp:attachment":[{"href":"https:\/\/www.waioli-k.com\/index.php?rest_route=%2Fwp%2Fv2%2Fmedia&parent=1032"}],"curies":[{"name":"wp","href":"https:\/\/api.w.org\/{rel}","templated":true}]}}